{"id":16027,"date":"2024-01-11T13:09:54","date_gmt":"2024-01-11T10:09:54","guid":{"rendered":"https:\/\/tohumholding.com.tr\/en\/?page_id=16027"},"modified":"2024-01-11T13:18:05","modified_gmt":"2024-01-11T10:18:05","slug":"tohum-ventures","status":"publish","type":"page","link":"https:\/\/tohumholding.com.tr\/en\/tohum-ventures\/","title":{"rendered":"Tohum Ventures"},"content":{"rendered":"<p>[vc_row][vc_column width=&#8221;1\/1&#8243;]<div class=\"flexslider wpb_content_element\"><ul class=\"slides\"><li><img decoding=\"async\" src=\"https:\/\/tohumholding.com.tr\/en\/wp-content\/uploads\/2024\/01\/tohum-ventures-bg.jpg\" alt=\"\" \/><\/li><\/ul><\/div>[\/vc_column][\/vc_row][vc_row][vc_column width=&#8221;1\/2&#8243;]<div class=\"divider divider1\" style='margin:60px 0 60px 0 !important;'><\/div><div class=\"box clearfix style-1 wpb_content_element align-center \" style=\"padding: 40px 40px 40px 40px; \">\n<h2>TOHUM VENTURES<\/h2>\n<p><strong>Tohum Ventures<\/strong> is a business unit established with the vision of combining the 30 years of experience of <strong>Tohum Holding<\/strong> with the goal of investing in technology-focused new sectors and innovative business models to support ventures. The aim is to support early-stage venture companies, enabling them to progress to later stages. The supported companies also gain access to <strong>Tohum Holding<\/strong>&#8216;s corporate knowledge and stakeholders.<\/p>\n<p><strong>Tohum Ventures<\/strong> currently has two venture companies in its portfolio (<a href=\"https:\/\/bulutklinik.com\/\" target=\"_blank\" rel=\"noopener\">Bulutklinik<\/a> and <a href=\"https:\/\/www.pocketwifiturkey.com\/\" target=\"_blank\" rel=\"noopener\">Pocket<\/a>), and the goal is to expand the portfolio to up to ten ventures. Within this scope, priority is given to scalable technology-based projects targeting the global market. Venture companies that have started invoicing their customers can apply to the <strong>Investment Committee<\/strong> with detailed presentations via <a href=\"mailto:ventures@tohumholding.com.tr\">ventures@tohumholding.com.tr<\/a><\/div><div class=\"divider divider1\" style='margin:60px 0 60px 0 !important;'><\/div><h1 class=\"headline font-inherit fontsize-l fontweight-600 lh-inherit align-left transform-inherit \" style=\"margin: 0 0 20px 0; color: #dd3333;\">INITIATIVES<\/h1><div class=\"single_image wpb_content_element align-left    girisim\" data-animation=\"none\" data-delay=\"0\"><a href=\"https:\/\/bulutklinik.com\/\" target=\"_blank\"><img loading=\"lazy\" decoding=\"async\" width=\"300\" height=\"171\" src=\"https:\/\/tohumholding.com.tr\/en\/wp-content\/uploads\/2024\/01\/bulutkliniklogoic-300x171-1.png\" class=\"attachment-full\" alt=\"\" \/><\/a><\/div><div class=\"divider divider1\" style='margin:20px 0 20px 0 !important;'><\/div><div class=\"single_image wpb_content_element align-left    girisim\" data-animation=\"none\" data-delay=\"0\"><a href=\"https:\/\/www.pocketwifiturkey.com\/\" target=\"_blank\"><img loading=\"lazy\" decoding=\"async\" width=\"300\" height=\"171\" src=\"https:\/\/tohumholding.com.tr\/en\/wp-content\/uploads\/2024\/01\/pocket-wifi.png\" class=\"attachment-full\" alt=\"\" \/><\/a><\/div>[\/vc_column][vc_column width=&#8221;1\/2&#8243;]<div class=\"divider divider1\" style='margin:60px 0 60px 0 !important;'><\/div><div class=\"iconbox icicon2 wpb_content_element iconbox-style-2 icon-color-accent color-dark clearfix\"><div class=\"iconbox-icon\"><i class=\"fa  boxicon\" style=\"\"><\/i><\/div><div class=\"iconbox-content\"><h3><\/h3><p><img loading=\"lazy\" decoding=\"async\" class=\"alignnone size-medium wp-image-15987\" src=\"https:\/\/tohumholding.com.tr\/en\/wp-content\/uploads\/2024\/01\/tohum-ventures-logo.png\" alt=\"\" width=\"300\" height=\"171\" \/><\/p><\/div><\/div><div class=\"iconbox icicon2 wpb_content_element iconbox-style-2 icon-color-accent color-dark clearfix\"><div class=\"iconbox-icon\"><i class=\"fa fa-phone boxicon\" style=\"\"><\/i><\/div><div class=\"iconbox-content\"><h3>Phone<\/h3><p>(+90) 216 335 50 00<\/p><\/div><\/div><div class=\"iconbox icicon wpb_content_element iconbox-style-2 icon-color-accent color-dark clearfix\"><div class=\"iconbox-icon\"><i class=\"fa fa-envelope boxicon\" style=\"\"><\/i><\/div><div class=\"iconbox-content\"><h3>Mail<\/h3><p>info@tohumholding.com.tr<\/p><\/div><\/div><div class=\"iconbox icicon2 wpb_content_element iconbox-style-2 icon-color-accent color-dark clearfix\"><div class=\"iconbox-icon\"><i class=\"fa fas fa-mouse-pointer boxicon\" style=\"\"><\/i><\/div><div class=\"iconbox-content\"><h3>Web<\/h3><p><a href=\"https:\/\/tohumholding.com.tr\/\">https:\/\/tohumholding.com.tr\/<\/a><\/p><\/div><\/div><div class=\"iconbox icicon wpb_content_element iconbox-style-3 icon-color-accent color-dark\"><i class=\"fa fas fa-map-marker boxicon\" style=\"\"><\/i><h3>Address<\/h3><p>Cumhuriyet Mah. Co\u015fkun Sok. No:31 \u00dcsk\u00fcdar\/\u0130stanbul<\/p><\/div>[\/vc_column][\/vc_row]<\/p>\n","protected":false},"excerpt":{"rendered":"<p>[vc_row][vc_column width=&#8221;1\/1&#8243;][\/vc_column][\/vc_row][vc_row][vc_column width=&#8221;1\/2&#8243;][\/vc_column][vc_column width=&#8221;1\/2&#8243;][\/vc_column][\/vc_row]<\/p>\n","protected":false},"author":1,"featured_media":0,"parent":0,"menu_order":0,"comment_status":"closed","ping_status":"closed","template":"","meta":{"footnotes":""},"_links":{"self":[{"href":"https:\/\/tohumholding.com.tr\/en\/wp-json\/wp\/v2\/pages\/16027"}],"collection":[{"href":"https:\/\/tohumholding.com.tr\/en\/wp-json\/wp\/v2\/pages"}],"about":[{"href":"https:\/\/tohumholding.com.tr\/en\/wp-json\/wp\/v2\/types\/page"}],"author":[{"embeddable":true,"href":"https:\/\/tohumholding.com.tr\/en\/wp-json\/wp\/v2\/users\/1"}],"replies":[{"embeddable":true,"href":"https:\/\/tohumholding.com.tr\/en\/wp-json\/wp\/v2\/comments?post=16027"}],"version-history":[{"count":5,"href":"https:\/\/tohumholding.com.tr\/en\/wp-json\/wp\/v2\/pages\/16027\/revisions"}],"predecessor-version":[{"id":16039,"href":"https:\/\/tohumholding.com.tr\/en\/wp-json\/wp\/v2\/pages\/16027\/revisions\/16039"}],"wp:attachment":[{"href":"https:\/\/tohumholding.com.tr\/en\/wp-json\/wp\/v2\/media?parent=16027"}],"curies":[{"name":"wp","href":"https:\/\/api.w.org\/{rel}","templated":true}]}}