{"id":15573,"date":"2021-04-25T01:01:57","date_gmt":"2021-04-24T22:01:57","guid":{"rendered":"https:\/\/tohumholding.com.tr\/en\/?page_id=15573"},"modified":"2025-01-20T19:33:07","modified_gmt":"2025-01-20T16:33:07","slug":"yapi24","status":"publish","type":"page","link":"https:\/\/tohumholding.com.tr\/en\/yapi24\/","title":{"rendered":"YAPI24 CONSTRUCTION"},"content":{"rendered":"<p>[vc_row][vc_column width=&#8221;1\/1&#8243;]<div class=\"flexslider wpb_content_element\"><ul class=\"slides\"><li><img decoding=\"async\" src=\"https:\/\/tohumholding.com.tr\/en\/wp-content\/uploads\/2025\/01\/detaybanneryapi24en.jpg\" alt=\"\" \/><\/li><\/ul><\/div>[\/vc_column][\/vc_row][vc_row][vc_column width=&#8221;2\/3&#8243;]<div class=\"divider divider1\" style='margin:60px 0 60px 0 !important;'><\/div><div class=\"box clearfix style-1 wpb_content_element align-center \" style=\"padding: 40px 40px 40px 40px; \">\n<h2><strong>YAPI24 CONSTRUCTION<\/strong><\/h2>\n<p>Yap\u013124 \u0130n\u015faat was established in Istanbul in 2020 to design, build, and complete safe, high-quality, and cost-effective residance projects. Serving the modernization of the city, it produces and realizes projects with its experienced and expert staff in both urban transformation and livable branded residances.<\/p>\n<p>Yap\u013124 \u0130n\u015faat is an innovative company that gives confidence to its stakeholders with Tohum Holding&#8217;s strong capital structure and multi-partner organization.<\/div>[\/vc_column][vc_column width=&#8221;1\/3&#8243;]<div class=\"divider divider1\" style='margin:60px 0 60px 0 !important;'><\/div><div class=\"iconbox icicon2 wpb_content_element iconbox-style-1 icon-color-accent color-dark animation-none\"><h3><i class=\"fa  boxicon\" style=\"\"><\/i><span><\/span><\/h3><p><img loading=\"lazy\" decoding=\"async\" class=\"alignnone size-medium wp-image-16061\" src=\"https:\/\/tohumholding.com.tr\/en\/wp-content\/uploads\/2025\/01\/yapi24logodetay-300x171.png\" alt=\"\" width=\"300\" height=\"171\" srcset=\"https:\/\/tohumholding.com.tr\/en\/wp-content\/uploads\/2025\/01\/yapi24logodetay-300x171.png 300w, https:\/\/tohumholding.com.tr\/en\/wp-content\/uploads\/2025\/01\/yapi24logodetay.png 400w\" sizes=\"(max-width: 300px) 100vw, 300px\" \/><\/p><\/div><div class=\"iconbox icicon2 wpb_content_element iconbox-style-2 icon-color-accent color-dark clearfix\"><div class=\"iconbox-icon\"><i class=\"fa fa-phone boxicon\" style=\"\"><\/i><\/div><div class=\"iconbox-content\"><h3>Phone<\/h3><p>+90 0216 318 69 00<\/p><\/div><\/div><div class=\"iconbox icicon wpb_content_element iconbox-style-2 icon-color-accent color-dark clearfix\"><div class=\"iconbox-icon\"><i class=\"fa fa-envelope boxicon\" style=\"\"><\/i><\/div><div class=\"iconbox-content\"><h3>Mail<\/h3><p>info@yapi24.com.tr<\/p><\/div><\/div><div class=\"iconbox icicon2 wpb_content_element iconbox-style-2 icon-color-accent color-dark clearfix\"><div class=\"iconbox-icon\"><i class=\"fa fas fa-mouse-pointer boxicon\" style=\"\"><\/i><\/div><div class=\"iconbox-content\"><h3>Web<\/h3><p><a style=\"color: #000;\" href=\"http:\/\/www.yapi24.com.tr\/\" target=\"_blank\" rel=\"noopener\">http:\/\/www.yapi24.com.tr\/<\/a><\/p><\/div><\/div><div class=\"iconbox icicon wpb_content_element iconbox-style-3 icon-color-accent color-dark\"><i class=\"fa fas fa-map-marker boxicon\" style=\"\"><\/i><h3>Address<\/h3><p>Z\u00fcbeyde Han\u0131m Cd. No:31\/A 34680 \u00c7engelk\u00f6y &#8211; \u00dcsk\u00fcdar\/\u0130stanbul<\/p><\/div>[\/vc_column][\/vc_row]<\/p>\n","protected":false},"excerpt":{"rendered":"<p>[vc_row][vc_column width=&#8221;1\/1&#8243;][\/vc_column][\/vc_row][vc_row][vc_column width=&#8221;2\/3&#8243;][\/vc_column][vc_column width=&#8221;1\/3&#8243;][\/vc_column][\/vc_row]<\/p>\n","protected":false},"author":1,"featured_media":0,"parent":0,"menu_order":0,"comment_status":"closed","ping_status":"closed","template":"","meta":{"footnotes":""},"_links":{"self":[{"href":"https:\/\/tohumholding.com.tr\/en\/wp-json\/wp\/v2\/pages\/15573"}],"collection":[{"href":"https:\/\/tohumholding.com.tr\/en\/wp-json\/wp\/v2\/pages"}],"about":[{"href":"https:\/\/tohumholding.com.tr\/en\/wp-json\/wp\/v2\/types\/page"}],"author":[{"embeddable":true,"href":"https:\/\/tohumholding.com.tr\/en\/wp-json\/wp\/v2\/users\/1"}],"replies":[{"embeddable":true,"href":"https:\/\/tohumholding.com.tr\/en\/wp-json\/wp\/v2\/comments?post=15573"}],"version-history":[{"count":11,"href":"https:\/\/tohumholding.com.tr\/en\/wp-json\/wp\/v2\/pages\/15573\/revisions"}],"predecessor-version":[{"id":16089,"href":"https:\/\/tohumholding.com.tr\/en\/wp-json\/wp\/v2\/pages\/15573\/revisions\/16089"}],"wp:attachment":[{"href":"https:\/\/tohumholding.com.tr\/en\/wp-json\/wp\/v2\/media?parent=15573"}],"curies":[{"name":"wp","href":"https:\/\/api.w.org\/{rel}","templated":true}]}}