{"id":15521,"date":"2021-04-24T23:50:52","date_gmt":"2021-04-24T20:50:52","guid":{"rendered":"https:\/\/tohumholding.com.tr\/en\/?page_id=15521"},"modified":"2025-01-09T20:00:42","modified_gmt":"2025-01-09T17:00:42","slug":"furkan-tekstil","status":"publish","type":"page","link":"https:\/\/tohumholding.com.tr\/en\/furkan-tekstil\/","title":{"rendered":"Furkan Textile"},"content":{"rendered":"<p>[vc_row][vc_column width=&#8221;1\/1&#8243;]<div class=\"flexslider wpb_content_element\"><ul class=\"slides\"><li><img decoding=\"async\" src=\"https:\/\/tohumholding.com.tr\/en\/wp-content\/uploads\/2021\/08\/furkan-textile.jpg\" alt=\"\" \/><\/li><\/ul><\/div>[\/vc_column][\/vc_row][vc_row][vc_column width=&#8221;2\/3&#8243;]<div class=\"divider divider1\" style='margin:60px 0 60px 0 !important;'><\/div><div class=\"box clearfix style-1 wpb_content_element align-center \" style=\"padding: 40px 40px 40px 40px; \">\n<h2><strong>FURKAN TEXTILE<\/strong><\/h2>\n<p>Established in 1993 as the root company of Tohum Holding, Furkan Tekstil provides for the specialty and\/or conventional fabric needs of ready-to-wear brands. It is the fabric supplier of many Turkish and Global fashion brands with its woven and knitted fabric collections offered under its wide product range.<\/p>\n<p>Furkan Tekstil, which has become the &#8220;fabric center&#8221; with its &#8220;PolyRoza&#8221; brand in its sector, is an effective solution partner for its customers&#8217; instant and seasonal needs thanks to its domestic and international manufacturing organization capacity, ability to keep high demand fabric types in stock, and fast delivery infrastructure.<\/div>[\/vc_column][vc_column width=&#8221;1\/3&#8243;]<div class=\"divider divider1\" style='margin:60px 0 60px 0 !important;'><\/div><div class=\"iconbox icicon2 wpb_content_element iconbox-style-1 icon-color-accent color-dark animation-none\"><h3><i class=\"fa  boxicon\" style=\"\"><\/i><span><\/span><\/h3><p><img loading=\"lazy\" decoding=\"async\" class=\"alignnone size-medium wp-image-16057\" src=\"https:\/\/tohumholding.com.tr\/en\/wp-content\/uploads\/2025\/01\/furkantekstildetaylogo-300x171.png\" alt=\"\" width=\"300\" height=\"171\" srcset=\"https:\/\/tohumholding.com.tr\/en\/wp-content\/uploads\/2025\/01\/furkantekstildetaylogo-300x171.png 300w, https:\/\/tohumholding.com.tr\/en\/wp-content\/uploads\/2025\/01\/furkantekstildetaylogo.png 400w\" sizes=\"(max-width: 300px) 100vw, 300px\" \/><\/p><\/div><div class=\"iconbox icicon2 wpb_content_element iconbox-style-2 icon-color-accent color-dark clearfix\"><div class=\"iconbox-icon\"><i class=\"fa fa-phone boxicon\" style=\"\"><\/i><\/div><div class=\"iconbox-content\"><h3>Phone<\/h3><p>+90 (212) 506 95 05<\/p><\/div><\/div><div class=\"iconbox icicon wpb_content_element iconbox-style-2 icon-color-accent color-dark clearfix\"><div class=\"iconbox-icon\"><i class=\"fa fa-envelope boxicon\" style=\"\"><\/i><\/div><div class=\"iconbox-content\"><h3>Mail<\/h3><p>info@furkantekstil.com.tr<\/p><\/div><\/div><div class=\"iconbox icicon2 wpb_content_element iconbox-style-2 icon-color-accent color-dark clearfix\"><div class=\"iconbox-icon\"><i class=\"fa fas fa-mouse-pointer boxicon\" style=\"\"><\/i><\/div><div class=\"iconbox-content\"><h3>Web<\/h3><p><a style=\"color: #000;\" href=\"http:\/\/www.furkantekstil.com.tr\" target=\"_blank\" rel=\"noopener\">www.furkantekstil.com.tr<\/a><\/p><\/div><\/div><div class=\"iconbox icicon wpb_content_element iconbox-style-3 icon-color-accent color-dark\"><i class=\"fa fas fa-map-marker boxicon\" style=\"\"><\/i><h3>Address<\/h3><p>Fatih Caddesi Y\u0131ld\u0131r\u0131m Sokak No:15 Merter \/ \u0130STANBUL<\/p><\/div>[\/vc_column][\/vc_row]<\/p>\n","protected":false},"excerpt":{"rendered":"<p>[vc_row][vc_column width=&#8221;1\/1&#8243;][\/vc_column][\/vc_row][vc_row][vc_column width=&#8221;2\/3&#8243;][\/vc_column][vc_column width=&#8221;1\/3&#8243;][\/vc_column][\/vc_row]<\/p>\n","protected":false},"author":1,"featured_media":0,"parent":0,"menu_order":0,"comment_status":"closed","ping_status":"closed","template":"","meta":{"footnotes":""},"_links":{"self":[{"href":"https:\/\/tohumholding.com.tr\/en\/wp-json\/wp\/v2\/pages\/15521"}],"collection":[{"href":"https:\/\/tohumholding.com.tr\/en\/wp-json\/wp\/v2\/pages"}],"about":[{"href":"https:\/\/tohumholding.com.tr\/en\/wp-json\/wp\/v2\/types\/page"}],"author":[{"embeddable":true,"href":"https:\/\/tohumholding.com.tr\/en\/wp-json\/wp\/v2\/users\/1"}],"replies":[{"embeddable":true,"href":"https:\/\/tohumholding.com.tr\/en\/wp-json\/wp\/v2\/comments?post=15521"}],"version-history":[{"count":33,"href":"https:\/\/tohumholding.com.tr\/en\/wp-json\/wp\/v2\/pages\/15521\/revisions"}],"predecessor-version":[{"id":15523,"href":"https:\/\/tohumholding.com.tr\/en\/wp-json\/wp\/v2\/pages\/15521\/revisions\/15523"}],"wp:attachment":[{"href":"https:\/\/tohumholding.com.tr\/en\/wp-json\/wp\/v2\/media?parent=15521"}],"curies":[{"name":"wp","href":"https:\/\/api.w.org\/{rel}","templated":true}]}}